{"id":133,"date":"2018-03-30T16:52:44","date_gmt":"2018-03-30T15:52:44","guid":{"rendered":"http:\/\/wp.hugo-chips.de\/?page_id=133"},"modified":"2019-04-13T20:12:19","modified_gmt":"2019-04-13T19:12:19","slug":"hugo-chips-kundenberatung-veranstaltung","status":"publish","type":"page","link":"https:\/\/hugo-chips.de\/?page_id=133","title":{"rendered":"Service"},"content":{"rendered":"<p>Wir helfen Ihnen Ihre Veranstaltung musikalisch zu untermauern. Je nach Veranstaltung gestalten wir ein musikalisches Rahmenprogramm, bereiten die Runden vor und sorgen f\u00fcr die richtige, stimmungsvolle Musik im richtigen Moment.<\/p>\n<p>Wenn es gew\u00fcnscht wird, erarbeiten wir auch spezielle Titel f\u00fcr Ihre Verstaltung, oder unterst\u00fctzen Sie mit mobilen Mikrophonen oder dem Abspielen von Tontr\u00e4gern.<\/p>\n<p>Wir k\u00f6nnen nach den r\u00e4umlichen Gegebenheiten der Veranstaltungsorts unsere Musikanlage von kleinen R\u00e4umlichkeiten bis mittleren Hallen dimensionieren.<\/p>\n<p>Sprechen Sie uns an, wir beraten Sie gerne bei der Gestaltung Ihrer Veranstaltung.<\/p>\n","protected":false},"excerpt":{"rendered":"<p>Wir helfen Ihnen Ihre Veranstaltung musikalisch zu untermauern. Je nach Veranstaltung gestalten wir ein musikalisches Rahmenprogramm, bereiten die Runden vor und sorgen f\u00fcr die richtige, stimmungsvolle Musik im richtigen Moment. Wenn es gew\u00fcnscht wird, erarbeiten wir auch spezielle Titel f\u00fcr Ihre Verstaltung, oder unterst\u00fctzen Sie mit mobilen Mikrophonen oder dem Abspielen von Tontr\u00e4gern. Wir k\u00f6nnen &hellip; <a href=\"https:\/\/hugo-chips.de\/?page_id=133\" class=\"more-link\"><span class=\"screen-reader-text\">\u201eService\u201c <\/span>weiterlesen<\/a><\/p>\n","protected":false},"author":2,"featured_media":0,"parent":0,"menu_order":50,"comment_status":"closed","ping_status":"closed","template":"","meta":{"footnotes":""},"class_list":["post-133","page","type-page","status-publish","hentry"],"yoast_head":"<!-- This site is optimized with the Yoast SEO plugin v24.9 - https:\/\/yoast.com\/wordpress\/plugins\/seo\/ -->\n<title>Service &#8211; Hugo&#039;n Chips Partyband<\/title>\n<meta name=\"robots\" content=\"index, follow, max-snippet:-1, max-image-preview:large, max-video-preview:-1\" \/>\n<link rel=\"canonical\" href=\"https:\/\/hugo-chips.de\/?page_id=133\" \/>\n<meta property=\"og:locale\" content=\"de_DE\" \/>\n<meta property=\"og:type\" content=\"article\" \/>\n<meta property=\"og:title\" content=\"Service &#8211; Hugo&#039;n Chips Partyband\" \/>\n<meta property=\"og:description\" content=\"Wir helfen Ihnen Ihre Veranstaltung musikalisch zu untermauern. Je nach Veranstaltung gestalten wir ein musikalisches Rahmenprogramm, bereiten die Runden vor und sorgen f\u00fcr die richtige, stimmungsvolle Musik im richtigen Moment. Wenn es gew\u00fcnscht wird, erarbeiten wir auch spezielle Titel f\u00fcr Ihre Verstaltung, oder unterst\u00fctzen Sie mit mobilen Mikrophonen oder dem Abspielen von Tontr\u00e4gern. Wir k\u00f6nnen &hellip; \u201eService\u201c weiterlesen\" \/>\n<meta property=\"og:url\" content=\"https:\/\/hugo-chips.de\/?page_id=133\" \/>\n<meta property=\"og:site_name\" content=\"Hugo&#039;n Chips Partyband\" \/>\n<meta property=\"article:modified_time\" content=\"2019-04-13T19:12:19+00:00\" \/>\n<meta name=\"twitter:card\" content=\"summary_large_image\" \/>\n<script type=\"application\/ld+json\" class=\"yoast-schema-graph\">{\"@context\":\"https:\/\/schema.org\",\"@graph\":[{\"@type\":\"WebPage\",\"@id\":\"https:\/\/hugo-chips.de\/?page_id=133\",\"url\":\"https:\/\/hugo-chips.de\/?page_id=133\",\"name\":\"Service &#8211; Hugo&#039;n Chips Partyband\",\"isPartOf\":{\"@id\":\"https:\/\/hugo-chips.de\/#website\"},\"datePublished\":\"2018-03-30T15:52:44+00:00\",\"dateModified\":\"2019-04-13T19:12:19+00:00\",\"breadcrumb\":{\"@id\":\"https:\/\/hugo-chips.de\/?page_id=133#breadcrumb\"},\"inLanguage\":\"de\",\"potentialAction\":[{\"@type\":\"ReadAction\",\"target\":[\"https:\/\/hugo-chips.de\/?page_id=133\"]}]},{\"@type\":\"BreadcrumbList\",\"@id\":\"https:\/\/hugo-chips.de\/?page_id=133#breadcrumb\",\"itemListElement\":[{\"@type\":\"ListItem\",\"position\":1,\"name\":\"Startseite\",\"item\":\"https:\/\/hugo-chips.de\/\"},{\"@type\":\"ListItem\",\"position\":2,\"name\":\"Service\"}]},{\"@type\":\"WebSite\",\"@id\":\"https:\/\/hugo-chips.de\/#website\",\"url\":\"https:\/\/hugo-chips.de\/\",\"name\":\"Hugo&#039;n Chips Partyband\",\"description\":\"Country, Rock, Pop, Schlager\",\"publisher\":{\"@id\":\"https:\/\/hugo-chips.de\/#organization\"},\"potentialAction\":[{\"@type\":\"SearchAction\",\"target\":{\"@type\":\"EntryPoint\",\"urlTemplate\":\"https:\/\/hugo-chips.de\/?s={search_term_string}\"},\"query-input\":{\"@type\":\"PropertyValueSpecification\",\"valueRequired\":true,\"valueName\":\"search_term_string\"}}],\"inLanguage\":\"de\"},{\"@type\":\"Organization\",\"@id\":\"https:\/\/hugo-chips.de\/#organization\",\"name\":\"Hugo'n Chips\",\"url\":\"https:\/\/hugo-chips.de\/\",\"logo\":{\"@type\":\"ImageObject\",\"inLanguage\":\"de\",\"@id\":\"https:\/\/hugo-chips.de\/#\/schema\/logo\/image\/\",\"url\":\"https:\/\/hugo-chips.de\/wp-content\/uploads\/2018\/03\/ind_02-large-senkrecht.jpg\",\"contentUrl\":\"https:\/\/hugo-chips.de\/wp-content\/uploads\/2018\/03\/ind_02-large-senkrecht.jpg\",\"width\":650,\"height\":912,\"caption\":\"Hugo'n Chips\"},\"image\":{\"@id\":\"https:\/\/hugo-chips.de\/#\/schema\/logo\/image\/\"}}]}<\/script>\n<!-- \/ Yoast SEO plugin. -->","yoast_head_json":{"title":"Service &#8211; Hugo&#039;n Chips Partyband","robots":{"index":"index","follow":"follow","max-snippet":"max-snippet:-1","max-image-preview":"max-image-preview:large","max-video-preview":"max-video-preview:-1"},"canonical":"https:\/\/hugo-chips.de\/?page_id=133","og_locale":"de_DE","og_type":"article","og_title":"Service &#8211; Hugo&#039;n Chips Partyband","og_description":"Wir helfen Ihnen Ihre Veranstaltung musikalisch zu untermauern. Je nach Veranstaltung gestalten wir ein musikalisches Rahmenprogramm, bereiten die Runden vor und sorgen f\u00fcr die richtige, stimmungsvolle Musik im richtigen Moment. Wenn es gew\u00fcnscht wird, erarbeiten wir auch spezielle Titel f\u00fcr Ihre Verstaltung, oder unterst\u00fctzen Sie mit mobilen Mikrophonen oder dem Abspielen von Tontr\u00e4gern. Wir k\u00f6nnen &hellip; \u201eService\u201c weiterlesen","og_url":"https:\/\/hugo-chips.de\/?page_id=133","og_site_name":"Hugo&#039;n Chips Partyband","article_modified_time":"2019-04-13T19:12:19+00:00","twitter_card":"summary_large_image","schema":{"@context":"https:\/\/schema.org","@graph":[{"@type":"WebPage","@id":"https:\/\/hugo-chips.de\/?page_id=133","url":"https:\/\/hugo-chips.de\/?page_id=133","name":"Service &#8211; Hugo&#039;n Chips Partyband","isPartOf":{"@id":"https:\/\/hugo-chips.de\/#website"},"datePublished":"2018-03-30T15:52:44+00:00","dateModified":"2019-04-13T19:12:19+00:00","breadcrumb":{"@id":"https:\/\/hugo-chips.de\/?page_id=133#breadcrumb"},"inLanguage":"de","potentialAction":[{"@type":"ReadAction","target":["https:\/\/hugo-chips.de\/?page_id=133"]}]},{"@type":"BreadcrumbList","@id":"https:\/\/hugo-chips.de\/?page_id=133#breadcrumb","itemListElement":[{"@type":"ListItem","position":1,"name":"Startseite","item":"https:\/\/hugo-chips.de\/"},{"@type":"ListItem","position":2,"name":"Service"}]},{"@type":"WebSite","@id":"https:\/\/hugo-chips.de\/#website","url":"https:\/\/hugo-chips.de\/","name":"Hugo&#039;n Chips Partyband","description":"Country, Rock, Pop, Schlager","publisher":{"@id":"https:\/\/hugo-chips.de\/#organization"},"potentialAction":[{"@type":"SearchAction","target":{"@type":"EntryPoint","urlTemplate":"https:\/\/hugo-chips.de\/?s={search_term_string}"},"query-input":{"@type":"PropertyValueSpecification","valueRequired":true,"valueName":"search_term_string"}}],"inLanguage":"de"},{"@type":"Organization","@id":"https:\/\/hugo-chips.de\/#organization","name":"Hugo'n Chips","url":"https:\/\/hugo-chips.de\/","logo":{"@type":"ImageObject","inLanguage":"de","@id":"https:\/\/hugo-chips.de\/#\/schema\/logo\/image\/","url":"https:\/\/hugo-chips.de\/wp-content\/uploads\/2018\/03\/ind_02-large-senkrecht.jpg","contentUrl":"https:\/\/hugo-chips.de\/wp-content\/uploads\/2018\/03\/ind_02-large-senkrecht.jpg","width":650,"height":912,"caption":"Hugo'n Chips"},"image":{"@id":"https:\/\/hugo-chips.de\/#\/schema\/logo\/image\/"}}]}},"_links":{"self":[{"href":"https:\/\/hugo-chips.de\/index.php?rest_route=\/wp\/v2\/pages\/133","targetHints":{"allow":["GET"]}}],"collection":[{"href":"https:\/\/hugo-chips.de\/index.php?rest_route=\/wp\/v2\/pages"}],"about":[{"href":"https:\/\/hugo-chips.de\/index.php?rest_route=\/wp\/v2\/types\/page"}],"author":[{"embeddable":true,"href":"https:\/\/hugo-chips.de\/index.php?rest_route=\/wp\/v2\/users\/2"}],"replies":[{"embeddable":true,"href":"https:\/\/hugo-chips.de\/index.php?rest_route=%2Fwp%2Fv2%2Fcomments&post=133"}],"version-history":[{"count":6,"href":"https:\/\/hugo-chips.de\/index.php?rest_route=\/wp\/v2\/pages\/133\/revisions"}],"predecessor-version":[{"id":387,"href":"https:\/\/hugo-chips.de\/index.php?rest_route=\/wp\/v2\/pages\/133\/revisions\/387"}],"wp:attachment":[{"href":"https:\/\/hugo-chips.de\/index.php?rest_route=%2Fwp%2Fv2%2Fmedia&parent=133"}],"curies":[{"name":"wp","href":"https:\/\/api.w.org\/{rel}","templated":true}]}}