{"id":259,"date":"2018-03-31T08:16:18","date_gmt":"2018-03-31T07:16:18","guid":{"rendered":"http:\/\/wp.hugo-chips.de\/?page_id=259"},"modified":"2019-04-13T20:24:40","modified_gmt":"2019-04-13T19:24:40","slug":"hugo-chips-musikprogramm","status":"publish","type":"page","link":"https:\/\/hugo-chips.de\/?page_id=259","title":{"rendered":"Musikprogramm"},"content":{"rendered":"<h6 style=\"text-align: center;\">WAS SPIELEN WIR F\u00dcR SIE:<\/h6>\n<p>Wir haben Ihnen Ausschnitte aus unserem Programm auf verschiedene Arten aufbereitet. W\u00e4hlen Sie die entsprechende Seite im Men\u00fc unter &#8222;Musikprogramm&#8220; aus. Sie finden sicherlich etwas was Ihnen gef\u00e4llt:<\/p>\n<ul>\n<li style=\"list-style-type: none;\">\n<ul>\n<li>Demo Videos:\u00a0 \u00a0 \u00a0 \u00a0 \u00a0 \u00a0 \u00a0 \u00a0 \u00a0 \u00a0 \u00a0 \u00a0 \u00a0 \u00a0 In den Demovideos sind Ausschnitte oder ganze Titel aneinenader gereiht und mit Fotos der Band zu Videos zusammengestellt<\/li>\n<\/ul>\n<\/li>\n<\/ul>\n<ul>\n<li style=\"list-style-type: none;\">\n<ul>\n<li>H\u00f6rproben:\u00a0 \u00a0 \u00a0 \u00a0 \u00a0 \u00a0 \u00a0 \u00a0 \u00a0 \u00a0 \u00a0 \u00a0 \u00a0 \u00a0 \u00a0 \u00a0 \u00a0Sie k\u00f6nnen 20 Sekunden lange Ausschnitte verschiedener Titel anh\u00f6ren<\/li>\n<\/ul>\n<\/li>\n<\/ul>\n<ul>\n<li style=\"list-style-type: none;\">\n<ul>\n<li style=\"text-align: left;\">Musiktitel ABC:\u00a0 \u00a0 \u00a0 \u00a0 \u00a0 \u00a0 \u00a0 \u00a0 \u00a0 \u00a0 \u00a0 \u00a0 Die Titel sind nach dem ABC aufgelistet<\/li>\n<\/ul>\n<\/li>\n<\/ul>\n<ul>\n<li style=\"list-style-type: none;\">\n<ul>\n<li style=\"text-align: left;\">Musiktitel 19.. bis heute:\u00a0 \u00a0 \u00a0 Die Titel sind nach dem Erscheinungsjahr aufgelistet<\/li>\n<\/ul>\n<\/li>\n<\/ul>\n<ul>\n<li style=\"list-style-type: none;\">\n<ul>\n<li style=\"text-align: left;\">Bands und Interpreten:\u00a0 \u00a0 \u00a0 \u00a0 Suchen hier Ihre Lieblingsband oder Interpreten<\/li>\n<\/ul>\n<\/li>\n<\/ul>\n","protected":false},"excerpt":{"rendered":"<p>WAS SPIELEN WIR F\u00dcR SIE: Wir haben Ihnen Ausschnitte aus unserem Programm auf verschiedene Arten aufbereitet. W\u00e4hlen Sie die entsprechende Seite im Men\u00fc unter &#8222;Musikprogramm&#8220; aus. Sie finden sicherlich etwas was Ihnen gef\u00e4llt: Demo Videos:\u00a0 \u00a0 \u00a0 \u00a0 \u00a0 \u00a0 \u00a0 \u00a0 \u00a0 \u00a0 \u00a0 \u00a0 \u00a0 \u00a0 In den Demovideos sind Ausschnitte oder ganze &hellip; <a href=\"https:\/\/hugo-chips.de\/?page_id=259\" class=\"more-link\"><span class=\"screen-reader-text\">\u201eMusikprogramm\u201c <\/span>weiterlesen<\/a><\/p>\n","protected":false},"author":1,"featured_media":0,"parent":0,"menu_order":0,"comment_status":"closed","ping_status":"closed","template":"","meta":{"footnotes":""},"class_list":["post-259","page","type-page","status-publish","hentry"],"yoast_head":"<!-- This site is optimized with the Yoast SEO plugin v24.9 - https:\/\/yoast.com\/wordpress\/plugins\/seo\/ -->\n<title>Musikprogramm &#8211; Hugo&#039;n Chips Partyband<\/title>\n<meta name=\"robots\" content=\"index, follow, max-snippet:-1, max-image-preview:large, max-video-preview:-1\" \/>\n<link rel=\"canonical\" href=\"https:\/\/hugo-chips.de\/?page_id=259\" \/>\n<meta property=\"og:locale\" content=\"de_DE\" \/>\n<meta property=\"og:type\" content=\"article\" \/>\n<meta property=\"og:title\" content=\"Musikprogramm &#8211; Hugo&#039;n Chips Partyband\" \/>\n<meta property=\"og:description\" content=\"WAS SPIELEN WIR F\u00dcR SIE: Wir haben Ihnen Ausschnitte aus unserem Programm auf verschiedene Arten aufbereitet. W\u00e4hlen Sie die entsprechende Seite im Men\u00fc unter &#8222;Musikprogramm&#8220; aus. Sie finden sicherlich etwas was Ihnen gef\u00e4llt: Demo Videos:\u00a0 \u00a0 \u00a0 \u00a0 \u00a0 \u00a0 \u00a0 \u00a0 \u00a0 \u00a0 \u00a0 \u00a0 \u00a0 \u00a0 In den Demovideos sind Ausschnitte oder ganze &hellip; \u201eMusikprogramm\u201c weiterlesen\" \/>\n<meta property=\"og:url\" content=\"https:\/\/hugo-chips.de\/?page_id=259\" \/>\n<meta property=\"og:site_name\" content=\"Hugo&#039;n Chips Partyband\" \/>\n<meta property=\"article:modified_time\" content=\"2019-04-13T19:24:40+00:00\" \/>\n<meta name=\"twitter:card\" content=\"summary_large_image\" \/>\n<script type=\"application\/ld+json\" class=\"yoast-schema-graph\">{\"@context\":\"https:\/\/schema.org\",\"@graph\":[{\"@type\":\"WebPage\",\"@id\":\"https:\/\/hugo-chips.de\/?page_id=259\",\"url\":\"https:\/\/hugo-chips.de\/?page_id=259\",\"name\":\"Musikprogramm &#8211; Hugo&#039;n Chips Partyband\",\"isPartOf\":{\"@id\":\"https:\/\/hugo-chips.de\/#website\"},\"datePublished\":\"2018-03-31T07:16:18+00:00\",\"dateModified\":\"2019-04-13T19:24:40+00:00\",\"breadcrumb\":{\"@id\":\"https:\/\/hugo-chips.de\/?page_id=259#breadcrumb\"},\"inLanguage\":\"de\",\"potentialAction\":[{\"@type\":\"ReadAction\",\"target\":[\"https:\/\/hugo-chips.de\/?page_id=259\"]}]},{\"@type\":\"BreadcrumbList\",\"@id\":\"https:\/\/hugo-chips.de\/?page_id=259#breadcrumb\",\"itemListElement\":[{\"@type\":\"ListItem\",\"position\":1,\"name\":\"Startseite\",\"item\":\"https:\/\/hugo-chips.de\/\"},{\"@type\":\"ListItem\",\"position\":2,\"name\":\"Musikprogramm\"}]},{\"@type\":\"WebSite\",\"@id\":\"https:\/\/hugo-chips.de\/#website\",\"url\":\"https:\/\/hugo-chips.de\/\",\"name\":\"Hugo&#039;n Chips Partyband\",\"description\":\"Country, Rock, Pop, Schlager\",\"publisher\":{\"@id\":\"https:\/\/hugo-chips.de\/#organization\"},\"potentialAction\":[{\"@type\":\"SearchAction\",\"target\":{\"@type\":\"EntryPoint\",\"urlTemplate\":\"https:\/\/hugo-chips.de\/?s={search_term_string}\"},\"query-input\":{\"@type\":\"PropertyValueSpecification\",\"valueRequired\":true,\"valueName\":\"search_term_string\"}}],\"inLanguage\":\"de\"},{\"@type\":\"Organization\",\"@id\":\"https:\/\/hugo-chips.de\/#organization\",\"name\":\"Hugo'n Chips\",\"url\":\"https:\/\/hugo-chips.de\/\",\"logo\":{\"@type\":\"ImageObject\",\"inLanguage\":\"de\",\"@id\":\"https:\/\/hugo-chips.de\/#\/schema\/logo\/image\/\",\"url\":\"https:\/\/hugo-chips.de\/wp-content\/uploads\/2018\/03\/ind_02-large-senkrecht.jpg\",\"contentUrl\":\"https:\/\/hugo-chips.de\/wp-content\/uploads\/2018\/03\/ind_02-large-senkrecht.jpg\",\"width\":650,\"height\":912,\"caption\":\"Hugo'n Chips\"},\"image\":{\"@id\":\"https:\/\/hugo-chips.de\/#\/schema\/logo\/image\/\"}}]}<\/script>\n<!-- \/ Yoast SEO plugin. -->","yoast_head_json":{"title":"Musikprogramm &#8211; Hugo&#039;n Chips Partyband","robots":{"index":"index","follow":"follow","max-snippet":"max-snippet:-1","max-image-preview":"max-image-preview:large","max-video-preview":"max-video-preview:-1"},"canonical":"https:\/\/hugo-chips.de\/?page_id=259","og_locale":"de_DE","og_type":"article","og_title":"Musikprogramm &#8211; Hugo&#039;n Chips Partyband","og_description":"WAS SPIELEN WIR F\u00dcR SIE: Wir haben Ihnen Ausschnitte aus unserem Programm auf verschiedene Arten aufbereitet. W\u00e4hlen Sie die entsprechende Seite im Men\u00fc unter &#8222;Musikprogramm&#8220; aus. Sie finden sicherlich etwas was Ihnen gef\u00e4llt: Demo Videos:\u00a0 \u00a0 \u00a0 \u00a0 \u00a0 \u00a0 \u00a0 \u00a0 \u00a0 \u00a0 \u00a0 \u00a0 \u00a0 \u00a0 In den Demovideos sind Ausschnitte oder ganze &hellip; \u201eMusikprogramm\u201c weiterlesen","og_url":"https:\/\/hugo-chips.de\/?page_id=259","og_site_name":"Hugo&#039;n Chips Partyband","article_modified_time":"2019-04-13T19:24:40+00:00","twitter_card":"summary_large_image","schema":{"@context":"https:\/\/schema.org","@graph":[{"@type":"WebPage","@id":"https:\/\/hugo-chips.de\/?page_id=259","url":"https:\/\/hugo-chips.de\/?page_id=259","name":"Musikprogramm &#8211; Hugo&#039;n Chips Partyband","isPartOf":{"@id":"https:\/\/hugo-chips.de\/#website"},"datePublished":"2018-03-31T07:16:18+00:00","dateModified":"2019-04-13T19:24:40+00:00","breadcrumb":{"@id":"https:\/\/hugo-chips.de\/?page_id=259#breadcrumb"},"inLanguage":"de","potentialAction":[{"@type":"ReadAction","target":["https:\/\/hugo-chips.de\/?page_id=259"]}]},{"@type":"BreadcrumbList","@id":"https:\/\/hugo-chips.de\/?page_id=259#breadcrumb","itemListElement":[{"@type":"ListItem","position":1,"name":"Startseite","item":"https:\/\/hugo-chips.de\/"},{"@type":"ListItem","position":2,"name":"Musikprogramm"}]},{"@type":"WebSite","@id":"https:\/\/hugo-chips.de\/#website","url":"https:\/\/hugo-chips.de\/","name":"Hugo&#039;n Chips Partyband","description":"Country, Rock, Pop, Schlager","publisher":{"@id":"https:\/\/hugo-chips.de\/#organization"},"potentialAction":[{"@type":"SearchAction","target":{"@type":"EntryPoint","urlTemplate":"https:\/\/hugo-chips.de\/?s={search_term_string}"},"query-input":{"@type":"PropertyValueSpecification","valueRequired":true,"valueName":"search_term_string"}}],"inLanguage":"de"},{"@type":"Organization","@id":"https:\/\/hugo-chips.de\/#organization","name":"Hugo'n Chips","url":"https:\/\/hugo-chips.de\/","logo":{"@type":"ImageObject","inLanguage":"de","@id":"https:\/\/hugo-chips.de\/#\/schema\/logo\/image\/","url":"https:\/\/hugo-chips.de\/wp-content\/uploads\/2018\/03\/ind_02-large-senkrecht.jpg","contentUrl":"https:\/\/hugo-chips.de\/wp-content\/uploads\/2018\/03\/ind_02-large-senkrecht.jpg","width":650,"height":912,"caption":"Hugo'n Chips"},"image":{"@id":"https:\/\/hugo-chips.de\/#\/schema\/logo\/image\/"}}]}},"_links":{"self":[{"href":"https:\/\/hugo-chips.de\/index.php?rest_route=\/wp\/v2\/pages\/259","targetHints":{"allow":["GET"]}}],"collection":[{"href":"https:\/\/hugo-chips.de\/index.php?rest_route=\/wp\/v2\/pages"}],"about":[{"href":"https:\/\/hugo-chips.de\/index.php?rest_route=\/wp\/v2\/types\/page"}],"author":[{"embeddable":true,"href":"https:\/\/hugo-chips.de\/index.php?rest_route=\/wp\/v2\/users\/1"}],"replies":[{"embeddable":true,"href":"https:\/\/hugo-chips.de\/index.php?rest_route=%2Fwp%2Fv2%2Fcomments&post=259"}],"version-history":[{"count":9,"href":"https:\/\/hugo-chips.de\/index.php?rest_route=\/wp\/v2\/pages\/259\/revisions"}],"predecessor-version":[{"id":643,"href":"https:\/\/hugo-chips.de\/index.php?rest_route=\/wp\/v2\/pages\/259\/revisions\/643"}],"wp:attachment":[{"href":"https:\/\/hugo-chips.de\/index.php?rest_route=%2Fwp%2Fv2%2Fmedia&parent=259"}],"curies":[{"name":"wp","href":"https:\/\/api.w.org\/{rel}","templated":true}]}}