{"id":57,"date":"2018-02-28T01:45:14","date_gmt":"2018-02-28T00:45:14","guid":{"rendered":"http:\/\/hugo-chips.de\/?page_id=57"},"modified":"2018-03-30T21:16:20","modified_gmt":"2018-03-30T20:16:20","slug":"impressum","status":"publish","type":"page","link":"https:\/\/hugo-chips.de\/?page_id=57","title":{"rendered":"Impressum"},"content":{"rendered":"<p>Hugo `n chips<br \/>\nAschmannstr. 28<br \/>\n71665 Vaihingen Enz<\/p>\n<p>Vertreten durch:<br \/>\nBruno Binder, Ralf Link, Angela Rimmele<\/p>\n<p>Wir sind nicht bereit oder verpflichtet, an Streitbeilegungsverfahren vor einer<br \/>\nVerbraucherschlichtungsstelle teilzunehmen.<\/p>\n<p>Haftungshinweis<br \/>\nTrotz sorgf\u00e4ltiger inhaltlicher Kontrolle \u00fcbernehmen wir keine Haftung f\u00fcr die Inhalte externer Links. F\u00fcr den Inhalt der verlinkten Seiten sind ausschlie\u00dflich deren Betreiber verantwortlich.<\/p>\n<p>Haftung f\u00fcr Inhalte<br \/>\nAls Diensteanbieter sind wir gem\u00e4\u00df \u00a7 7 Abs.1 TMG f\u00fcr eigene Inhalte auf diesen Seiten nach den allgemeinen Gesetzen verantwortlich. Nach \u00a7\u00a7 8 bis 10 TMG sind wir als Diensteanbieter jedoch nicht verpflichtet, \u00fcbermittelte oder gespeicherte fremde Informationen zu \u00fcberwachen oder nach Umst\u00e4nden zu forschen, die auf eine rechtswidrige T\u00e4tigkeit hinweisen.<br \/>\nVerpflichtungen zur Entfernung oder Sperrung der Nutzung von Informationen nach den allgemeinen Gesetzen bleiben hiervon unber\u00fchrt. Eine diesbez\u00fcgliche Haftung ist jedoch erst ab dem Zeitpunkt der Kenntnis einer konkreten Rechtsverletzung m\u00f6glich. Bei Bekanntwerden von entsprechenden Rechtsverletzungen werden wir diese Inhalte umgehend entfernen.<\/p>\n<p>Urheberrecht<br \/>\nDie durch die Seitenbetreiber erstellten Inhalte und Werke auf diesen Seiten unterliegen dem deutschen Urheberrecht. Die Vervielf\u00e4ltigung, Bearbeitung, Verbreitung und jede Art der Verwertung au\u00dferhalb der Grenzen des Urheberrechtes bed\u00fcrfen der schriftlichen Zustimmung des jeweiligen Autors bzw. Erstellers. Downloads und Kopien dieser Seite sind nur f\u00fcr den privaten, nicht kommerziellen Gebrauch gestattet.<br \/>\nSoweit die Inhalte auf dieser Seite nicht vom Betreiber erstellt wurden, werden die Urheberrechte Dritter beachtet. Insbesondere werden Inhalte Dritter als solche gekennzeichnet. Sollten Sie trotzdem auf eine Urheberrechtsverletzung aufmerksam werden, bitten wir um einen entsprechenden Hinweis. Bei Bekanntwerden von Rechtsverletzungen werden wir derartige Inhalte umgehend entfernen.<\/p>\n","protected":false},"excerpt":{"rendered":"<p>Hugo `n chips Aschmannstr. 28 71665 Vaihingen Enz Vertreten durch: Bruno Binder, Ralf Link, Angela Rimmele Wir sind nicht bereit oder verpflichtet, an Streitbeilegungsverfahren vor einer Verbraucherschlichtungsstelle teilzunehmen. Haftungshinweis Trotz sorgf\u00e4ltiger inhaltlicher Kontrolle \u00fcbernehmen wir keine Haftung f\u00fcr die Inhalte externer Links. F\u00fcr den Inhalt der verlinkten Seiten sind ausschlie\u00dflich deren Betreiber verantwortlich. Haftung f\u00fcr &hellip; <a href=\"https:\/\/hugo-chips.de\/?page_id=57\" class=\"more-link\"><span class=\"screen-reader-text\">\u201eImpressum\u201c <\/span>weiterlesen<\/a><\/p>\n","protected":false},"author":2,"featured_media":0,"parent":0,"menu_order":80,"comment_status":"closed","ping_status":"closed","template":"","meta":{"footnotes":""},"class_list":["post-57","page","type-page","status-publish","hentry"],"yoast_head":"<!-- This site is optimized with the Yoast SEO plugin v24.9 - https:\/\/yoast.com\/wordpress\/plugins\/seo\/ -->\n<title>Impressum &#8211; Hugo&#039;n Chips Partyband<\/title>\n<meta name=\"robots\" content=\"index, follow, max-snippet:-1, max-image-preview:large, max-video-preview:-1\" \/>\n<link rel=\"canonical\" href=\"https:\/\/hugo-chips.de\/?page_id=57\" \/>\n<meta property=\"og:locale\" content=\"de_DE\" \/>\n<meta property=\"og:type\" content=\"article\" \/>\n<meta property=\"og:title\" content=\"Impressum &#8211; Hugo&#039;n Chips Partyband\" \/>\n<meta property=\"og:description\" content=\"Hugo `n chips Aschmannstr. 28 71665 Vaihingen Enz Vertreten durch: Bruno Binder, Ralf Link, Angela Rimmele Wir sind nicht bereit oder verpflichtet, an Streitbeilegungsverfahren vor einer Verbraucherschlichtungsstelle teilzunehmen. Haftungshinweis Trotz sorgf\u00e4ltiger inhaltlicher Kontrolle \u00fcbernehmen wir keine Haftung f\u00fcr die Inhalte externer Links. F\u00fcr den Inhalt der verlinkten Seiten sind ausschlie\u00dflich deren Betreiber verantwortlich. Haftung f\u00fcr &hellip; \u201eImpressum\u201c weiterlesen\" \/>\n<meta property=\"og:url\" content=\"https:\/\/hugo-chips.de\/?page_id=57\" \/>\n<meta property=\"og:site_name\" content=\"Hugo&#039;n Chips Partyband\" \/>\n<meta property=\"article:modified_time\" content=\"2018-03-30T20:16:20+00:00\" \/>\n<meta name=\"twitter:card\" content=\"summary_large_image\" \/>\n<meta name=\"twitter:label1\" content=\"Gesch\u00e4tzte Lesezeit\" \/>\n\t<meta name=\"twitter:data1\" content=\"1\u00a0Minute\" \/>\n<script type=\"application\/ld+json\" class=\"yoast-schema-graph\">{\"@context\":\"https:\/\/schema.org\",\"@graph\":[{\"@type\":\"WebPage\",\"@id\":\"https:\/\/hugo-chips.de\/?page_id=57\",\"url\":\"https:\/\/hugo-chips.de\/?page_id=57\",\"name\":\"Impressum &#8211; Hugo&#039;n Chips Partyband\",\"isPartOf\":{\"@id\":\"https:\/\/hugo-chips.de\/#website\"},\"datePublished\":\"2018-02-28T00:45:14+00:00\",\"dateModified\":\"2018-03-30T20:16:20+00:00\",\"breadcrumb\":{\"@id\":\"https:\/\/hugo-chips.de\/?page_id=57#breadcrumb\"},\"inLanguage\":\"de\",\"potentialAction\":[{\"@type\":\"ReadAction\",\"target\":[\"https:\/\/hugo-chips.de\/?page_id=57\"]}]},{\"@type\":\"BreadcrumbList\",\"@id\":\"https:\/\/hugo-chips.de\/?page_id=57#breadcrumb\",\"itemListElement\":[{\"@type\":\"ListItem\",\"position\":1,\"name\":\"Startseite\",\"item\":\"https:\/\/hugo-chips.de\/\"},{\"@type\":\"ListItem\",\"position\":2,\"name\":\"Impressum\"}]},{\"@type\":\"WebSite\",\"@id\":\"https:\/\/hugo-chips.de\/#website\",\"url\":\"https:\/\/hugo-chips.de\/\",\"name\":\"Hugo&#039;n Chips Partyband\",\"description\":\"Country, Rock, Pop, Schlager\",\"publisher\":{\"@id\":\"https:\/\/hugo-chips.de\/#organization\"},\"potentialAction\":[{\"@type\":\"SearchAction\",\"target\":{\"@type\":\"EntryPoint\",\"urlTemplate\":\"https:\/\/hugo-chips.de\/?s={search_term_string}\"},\"query-input\":{\"@type\":\"PropertyValueSpecification\",\"valueRequired\":true,\"valueName\":\"search_term_string\"}}],\"inLanguage\":\"de\"},{\"@type\":\"Organization\",\"@id\":\"https:\/\/hugo-chips.de\/#organization\",\"name\":\"Hugo'n Chips\",\"url\":\"https:\/\/hugo-chips.de\/\",\"logo\":{\"@type\":\"ImageObject\",\"inLanguage\":\"de\",\"@id\":\"https:\/\/hugo-chips.de\/#\/schema\/logo\/image\/\",\"url\":\"https:\/\/hugo-chips.de\/wp-content\/uploads\/2018\/03\/ind_02-large-senkrecht.jpg\",\"contentUrl\":\"https:\/\/hugo-chips.de\/wp-content\/uploads\/2018\/03\/ind_02-large-senkrecht.jpg\",\"width\":650,\"height\":912,\"caption\":\"Hugo'n Chips\"},\"image\":{\"@id\":\"https:\/\/hugo-chips.de\/#\/schema\/logo\/image\/\"}}]}<\/script>\n<!-- \/ Yoast SEO plugin. -->","yoast_head_json":{"title":"Impressum &#8211; Hugo&#039;n Chips Partyband","robots":{"index":"index","follow":"follow","max-snippet":"max-snippet:-1","max-image-preview":"max-image-preview:large","max-video-preview":"max-video-preview:-1"},"canonical":"https:\/\/hugo-chips.de\/?page_id=57","og_locale":"de_DE","og_type":"article","og_title":"Impressum &#8211; Hugo&#039;n Chips Partyband","og_description":"Hugo `n chips Aschmannstr. 28 71665 Vaihingen Enz Vertreten durch: Bruno Binder, Ralf Link, Angela Rimmele Wir sind nicht bereit oder verpflichtet, an Streitbeilegungsverfahren vor einer Verbraucherschlichtungsstelle teilzunehmen. Haftungshinweis Trotz sorgf\u00e4ltiger inhaltlicher Kontrolle \u00fcbernehmen wir keine Haftung f\u00fcr die Inhalte externer Links. F\u00fcr den Inhalt der verlinkten Seiten sind ausschlie\u00dflich deren Betreiber verantwortlich. Haftung f\u00fcr &hellip; \u201eImpressum\u201c weiterlesen","og_url":"https:\/\/hugo-chips.de\/?page_id=57","og_site_name":"Hugo&#039;n Chips Partyband","article_modified_time":"2018-03-30T20:16:20+00:00","twitter_card":"summary_large_image","twitter_misc":{"Gesch\u00e4tzte Lesezeit":"1\u00a0Minute"},"schema":{"@context":"https:\/\/schema.org","@graph":[{"@type":"WebPage","@id":"https:\/\/hugo-chips.de\/?page_id=57","url":"https:\/\/hugo-chips.de\/?page_id=57","name":"Impressum &#8211; Hugo&#039;n Chips Partyband","isPartOf":{"@id":"https:\/\/hugo-chips.de\/#website"},"datePublished":"2018-02-28T00:45:14+00:00","dateModified":"2018-03-30T20:16:20+00:00","breadcrumb":{"@id":"https:\/\/hugo-chips.de\/?page_id=57#breadcrumb"},"inLanguage":"de","potentialAction":[{"@type":"ReadAction","target":["https:\/\/hugo-chips.de\/?page_id=57"]}]},{"@type":"BreadcrumbList","@id":"https:\/\/hugo-chips.de\/?page_id=57#breadcrumb","itemListElement":[{"@type":"ListItem","position":1,"name":"Startseite","item":"https:\/\/hugo-chips.de\/"},{"@type":"ListItem","position":2,"name":"Impressum"}]},{"@type":"WebSite","@id":"https:\/\/hugo-chips.de\/#website","url":"https:\/\/hugo-chips.de\/","name":"Hugo&#039;n Chips Partyband","description":"Country, Rock, Pop, Schlager","publisher":{"@id":"https:\/\/hugo-chips.de\/#organization"},"potentialAction":[{"@type":"SearchAction","target":{"@type":"EntryPoint","urlTemplate":"https:\/\/hugo-chips.de\/?s={search_term_string}"},"query-input":{"@type":"PropertyValueSpecification","valueRequired":true,"valueName":"search_term_string"}}],"inLanguage":"de"},{"@type":"Organization","@id":"https:\/\/hugo-chips.de\/#organization","name":"Hugo'n Chips","url":"https:\/\/hugo-chips.de\/","logo":{"@type":"ImageObject","inLanguage":"de","@id":"https:\/\/hugo-chips.de\/#\/schema\/logo\/image\/","url":"https:\/\/hugo-chips.de\/wp-content\/uploads\/2018\/03\/ind_02-large-senkrecht.jpg","contentUrl":"https:\/\/hugo-chips.de\/wp-content\/uploads\/2018\/03\/ind_02-large-senkrecht.jpg","width":650,"height":912,"caption":"Hugo'n Chips"},"image":{"@id":"https:\/\/hugo-chips.de\/#\/schema\/logo\/image\/"}}]}},"_links":{"self":[{"href":"https:\/\/hugo-chips.de\/index.php?rest_route=\/wp\/v2\/pages\/57","targetHints":{"allow":["GET"]}}],"collection":[{"href":"https:\/\/hugo-chips.de\/index.php?rest_route=\/wp\/v2\/pages"}],"about":[{"href":"https:\/\/hugo-chips.de\/index.php?rest_route=\/wp\/v2\/types\/page"}],"author":[{"embeddable":true,"href":"https:\/\/hugo-chips.de\/index.php?rest_route=\/wp\/v2\/users\/2"}],"replies":[{"embeddable":true,"href":"https:\/\/hugo-chips.de\/index.php?rest_route=%2Fwp%2Fv2%2Fcomments&post=57"}],"version-history":[{"count":5,"href":"https:\/\/hugo-chips.de\/index.php?rest_route=\/wp\/v2\/pages\/57\/revisions"}],"predecessor-version":[{"id":255,"href":"https:\/\/hugo-chips.de\/index.php?rest_route=\/wp\/v2\/pages\/57\/revisions\/255"}],"wp:attachment":[{"href":"https:\/\/hugo-chips.de\/index.php?rest_route=%2Fwp%2Fv2%2Fmedia&parent=57"}],"curies":[{"name":"wp","href":"https:\/\/api.w.org\/{rel}","templated":true}]}}